{"id":6,"date":"2017-07-28T14:29:43","date_gmt":"2017-07-28T14:29:43","guid":{"rendered":"http:\/\/creativo3d.com.mx\/Creativo3d\/?page_id=6"},"modified":"2017-08-04T18:11:24","modified_gmt":"2017-08-04T18:11:24","slug":"one-page-express","status":"publish","type":"page","link":"https:\/\/creativo3d.com.mx\/Creativo3d\/","title":{"rendered":"Home"},"content":{"rendered":"<div  id=\"overlapable-2\" style=\"background-color: #ffffff;\" data-label=\"Overlapable\" data-id=\"stripped-coloured-icon-boxes\" data-category=\"overlapable\" class=\"features-coloured-icon-boxes-section\" data-overlap=\"true\">\r\n<div  id=\"testimonials-1\" style=\"background-color: #f6f6f6;\" data-label=\"Testimonials\" data-id=\"testimonials-boxed-section\" data-category=\"testimonials\" class=\"testimonials-boxed-section\">\r\n<div  class=\"gridContainer\">\r\n<h2  style=\"color: #ffffff !important; font-weight: normal;\">Hacemos tu p\u00e1gina web <strong >ATRACTIVA Y FUNCIONAL<\/strong><\/h2>\r\n<h3  class=\"\">\u00a1Comienza a vender m\u00e1s!<\/h3>\r\n<p  class=\"\">Creamos una estrategia de publicidad en internet personalizada que garantiza resultados<\/p>\r\n\r\n<div  class=\"testimonials-boxed-itemsrow dark-text\" data-type=\"row\">\r\n<div  class=\"testimonials-boxed-itemcol cp4cols cp6cols-tablet\">\r\n<div  class=\"testimonials-boxed-itemcard\" data-type=\"column\">\r\n<h4  class=\"testimonials-boxed-itemname\" style=\"text-align: left;\">Nuestro objetivo<\/h4>\r\n<h4  class=\"testimonials-boxed-itemtext\" style=\"text-align: left;\">Crear oportunidades para que tu negocio se posicione en todas las herramientas en l\u00ednea, logrando impulsar tu marca con los mejores resultados.<\/h4>\r\n<\/div>\r\n<\/div>\r\n<div  class=\"testimonials-boxed-itemcol cp4cols cp6cols-tablet\">\r\n<div  class=\"testimonials-boxed-itemcard\" data-type=\"column\">\r\n<h4  class=\"testimonials-boxed-itemname\" style=\"text-align: left;\">\u00bfQue hacemos?<\/h4>\r\n<h4  class=\"testimonials-boxed-itemtext\" style=\"text-align: left;\">Generamos la interacci\u00f3n entre tu negocio y nuestro conocimiento en medios digitales, facilitando informaci\u00f3n y beneficios que ayuden en el posicionamiento de la marca.<\/h4>\r\n<\/div>\r\n<\/div>\r\n<div  class=\"testimonials-boxed-itemcol cp4cols cp6cols-tablet\">\r\n<div  class=\"testimonials-boxed-itemcard\" data-type=\"column\">\r\n<h4  class=\"testimonials-boxed-itemname\" style=\"text-align: left;\">Nuestra experiencia<\/h4>\r\n<h4  class=\"testimonials-boxed-itemtext\" style=\"text-align: left;\">Tenemos amplio dominio en dise\u00f1o y desarrollo web, mercadotecnia digital, publicidad en l\u00ednea, gesti\u00f3n de redes sociales.<\/h4>\r\n<\/div>\r\n<\/div>\r\n<\/div>\r\n<\/div>\r\n<\/div>\r\n<div  class=\"gridContainer\">\r\n<h3 >Nuestros Servicios<\/h3>\r\n<\/div>\r\n<div  class=\"gridContainer\">\r\n<div  class=\"features-coloured-icon-boxes-innerrow flexbox-list dark-text\" data-type=\"row\">\r\n<div  class=\"features-coloured-icon-boxes-featurecol cp3cols\">\r\n<h4  class=\"\" style=\"text-align: left;\">Branding<\/h4>\r\n&nbsp;\r\n\r\n<hr  class=\"\">\r\n\r\n<div  class=\"features-coloured-icon-boxes-iconcontainer\" data-content-item-container=\"true\"><i  class=\"features-coloured-icon fa fa-bolt\" data-cp-fa=\"true\"><\/i><\/div>\r\n<p  class=\"\" style=\"text-align: left;\">Dise\u00f1amos tu imagen empresarial; logotipo, tarjetas, papeler\u00eda, presentaciones y comunicaci\u00f3n gr\u00e1fica que te haga ver como el profesional que eres.<\/p>\r\n&nbsp;\r\n\r\n<hr  class=\"\">\r\n\r\n<a  class=\"features-coloured-button\" href=\"\/impresos\">Ver m\u00e1s<\/a>\r\n\r\n<\/div>\r\n<div  class=\"features-coloured-icon-boxes-featurecol cp3cols\">\r\n<h4  class=\"\" style=\"text-align: left;\">Desarrollo y Dise\u00f1o Web<\/h4>\r\n&nbsp;\r\n\r\n<hr  class=\"\">\r\n\r\n<div  class=\"features-coloured-icon-boxes-iconcontainer\" data-content-item-container=\"true\"><i  class=\"features-coloured-icon fa fa-cloud\" data-cp-fa=\"true\"><\/i><\/div>\r\n<p  class=\"\" style=\"text-align: left;\">Desarrollamos sitios y p\u00e1ginas web autoadministrables, tiendas virtuales, cat\u00e1logos y m\u00e1s aplicando t\u00e9cnicas SEO y lo m\u00e1s nuevo en tecnolog\u00eda y dise\u00f1o web.<\/p>\r\n\r\n\r\n<hr  class=\"\">\r\n\r\n<a  class=\"features-coloured-button\" href=\"\/diseno-web\">Ver m\u00e1s<\/a>\r\n\r\n<\/div>\r\n<div  class=\"features-coloured-icon-boxes-featurecol cp3cols\">\r\n<h4  class=\"\" style=\"text-align: left;\">Marketing Digital y Publicidad en Redes Sociales<\/h4>\r\n\r\n<hr  class=\"\">\r\n\r\n<div  class=\"features-coloured-icon-boxes-iconcontainer\" data-content-item-container=\"true\"><i  class=\"features-coloured-icon fa fa-signal\" data-cp-fa=\"true\"><\/i><\/div>\r\n<p  class=\"\" style=\"text-align: left;\">Publicidad en Google Adwords, administraci\u00f3n de redes sociales e inversi\u00f3n en medios digitales.<\/p>\r\n&nbsp;\r\n\r\n<hr  class=\"\">\r\n\r\n<a  class=\"features-coloured-button\" href=\"\/diseno-web\">Ver m\u00e1s<\/a>\r\n\r\n<\/div>\r\n<div  class=\"features-coloured-icon-boxes-featurecol cp3cols\">\r\n<h4  class=\"\" style=\"text-align: left;\">Estrategia Web<\/h4>\r\n&nbsp;\r\n\r\n<hr  class=\"\">\r\n\r\n<div  class=\"features-coloured-icon-boxes-iconcontainer\" data-content-item-container=\"true\"><i  class=\"features-coloured-icon fa fa-pie-chart\" data-cp-fa=\"true\"><\/i><\/div>\r\n<p  class=\"\" style=\"text-align: left;\">Te ayudamos a posicionarte sobre la competencia con estrategia digital que garantiza resultados<\/p>\r\n&nbsp;\r\n\r\n<hr  class=\"\">\r\n\r\n<a  class=\"features-coloured-button\" href=\"\/diseno-web\">Ver m\u00e1s<\/a>\r\n\r\n<\/div>\r\n<\/div>\r\n<\/div>\r\n<\/div><div  id=\"content-3\" style=\"background-color: #ffffff;\" data-label=\"Content\" data-id=\"content-image-left\" data-category=\"content\" class=\"content-left-image-section\">\r\n<div  class=\"gridContainer\">\r\n<div  class=\"row\">\r\n<div  class=\"content-left-image-imgcol\" data-type=\"column\"><img decoding=\"async\" loading=\"lazy\"  src=\"https:\/\/creativo3d.com.mx\/Creativo3d\/wp-content\/uploads\/2017\/07\/PaginaWEB.png\" class=\"alignnone\" alt=\"\" width=\"1200\" height=\"797\"><\/div>\r\n<div  class=\"content-left-image-textcol dynamic-color\" data-type=\"column\">\r\n<h2  class=\"\"><strong >Dise\u00f1amos tu<\/strong> sitio WEB<\/h2>\r\n<p  class=\"large_text\">De acuerdo a tu <span  style=\"color: #A2C746; font-weight: bold;\">IMAGEN CORPORATIVA<\/span><br >\r\n<br >\r\n<strong >Herramientas<\/strong>\r\n\u00fatiles lo que realmente necesita tu<br > negocio<br >\r\n<strong >Beneficios<\/strong>\r\nposicionamiento en web y mas visitas<br > para tu negocio<\/p><br  class=\"\">\r\n\r\n<a  class=\"button blue\" href=\"https:\/\/creativo3d.com.mx\/diseno-web\" target=\"_self\">cotiza tu sitio web <\/a>\r\n<\/div>\r\n<\/div>\r\n<\/div>\r\n<\/div>\r\n\r\n\r\n\r\n\r\n\r\n\r\n\r\n\r\n\r\n\r\n\r\n\r\n\r\n\r\n\r\n\r\n<\/div>\r\n<\/div>\r\n<\/div>\r\n<\/div>\r\n<\/div>","protected":false},"excerpt":{"rendered":"<p>Hacemos tu p\u00e1gina web ATRACTIVA Y FUNCIONAL \u00a1Comienza a vender m\u00e1s! Creamos una estrategia de publicidad en internet personalizada que garantiza resultados Nuestro objetivo Crear oportunidades para que tu negocio se posicione en todas las herramientas en l\u00ednea, logrando impulsar tu marca con los mejores resultados. \u00bfQue hacemos? Generamos la interacci\u00f3n entre tu negocio y&hellip; <br \/> <a class=\"button small blue\" href=\"https:\/\/creativo3d.com.mx\/Creativo3d\/hello-world\/\">Leer m\u00e1s<\/a><\/p>\n","protected":false},"author":1,"featured_media":0,"parent":0,"menu_order":0,"comment_status":"closed","ping_status":"closed","template":"","meta":[],"_links":{"self":[{"href":"https:\/\/creativo3d.com.mx\/Creativo3d\/wp-json\/wp\/v2\/pages\/6"}],"collection":[{"href":"https:\/\/creativo3d.com.mx\/Creativo3d\/wp-json\/wp\/v2\/pages"}],"about":[{"href":"https:\/\/creativo3d.com.mx\/Creativo3d\/wp-json\/wp\/v2\/types\/page"}],"author":[{"embeddable":true,"href":"https:\/\/creativo3d.com.mx\/Creativo3d\/wp-json\/wp\/v2\/users\/1"}],"replies":[{"embeddable":true,"href":"https:\/\/creativo3d.com.mx\/Creativo3d\/wp-json\/wp\/v2\/comments?post=6"}],"version-history":[{"count":108,"href":"https:\/\/creativo3d.com.mx\/Creativo3d\/wp-json\/wp\/v2\/pages\/6\/revisions"}],"predecessor-version":[{"id":259,"href":"https:\/\/creativo3d.com.mx\/Creativo3d\/wp-json\/wp\/v2\/pages\/6\/revisions\/259"}],"wp:attachment":[{"href":"https:\/\/creativo3d.com.mx\/Creativo3d\/wp-json\/wp\/v2\/media?parent=6"}],"curies":[{"name":"wp","href":"https:\/\/api.w.org\/{rel}","templated":true}]}}